{"id":67,"date":"2022-12-13T17:30:48","date_gmt":"2022-12-13T16:30:48","guid":{"rendered":"http:\/\/localhost\/feacenter\/?page_id=67"},"modified":"2024-03-09T15:00:38","modified_gmt":"2024-03-09T14:00:38","slug":"strona-glowna","status":"publish","type":"page","link":"https:\/\/feacenter.pl\/en\/","title":{"rendered":"Home"},"content":{"rendered":"<div data-elementor-type=\"wp-page\" data-elementor-id=\"67\" class=\"elementor elementor-67\" data-elementor-post-type=\"page\">\n\t\t\t\t\t\t<section class=\"elementor-section elementor-top-section elementor-element elementor-element-7f036c0 elementor-section-boxed elementor-section-height-default elementor-section-height-default\" data-id=\"7f036c0\" data-element_type=\"section\" data-e-type=\"section\">\n\t\t\t\t\t\t<div class=\"elementor-container elementor-column-gap-default\">\n\t\t\t\t\t<div class=\"elementor-column elementor-col-100 elementor-top-column elementor-element elementor-element-da9fe76\" data-id=\"da9fe76\" data-element_type=\"column\" data-e-type=\"column\">\n\t\t\t<div class=\"elementor-widget-wrap elementor-element-populated\">\n\t\t\t\t\t\t<section class=\"elementor-section elementor-inner-section elementor-element elementor-element-9b0dd47 elementor-section-boxed elementor-section-height-default elementor-section-height-default\" data-id=\"9b0dd47\" data-element_type=\"section\" data-e-type=\"section\">\n\t\t\t\t\t\t<div class=\"elementor-container elementor-column-gap-default\">\n\t\t\t\t\t<div class=\"elementor-column elementor-col-100 elementor-inner-column elementor-element elementor-element-562330a\" data-id=\"562330a\" data-element_type=\"column\" data-e-type=\"column\">\n\t\t\t<div class=\"elementor-widget-wrap elementor-element-populated\">\n\t\t\t\t\t\t<div class=\"elementor-element elementor-element-d51911d elementor-invisible elementor-widget elementor-widget-image\" data-id=\"d51911d\" data-element_type=\"widget\" data-e-type=\"widget\" data-settings=\"{&quot;_animation&quot;:&quot;fadeInLeft&quot;}\" data-widget_type=\"image.default\">\n\t\t\t\t<div class=\"elementor-widget-container\">\n\t\t\t\t\t\t\t\t\t\t\t\t\t\t\t<img fetchpriority=\"high\" decoding=\"async\" width=\"600\" height=\"233\" src=\"https:\/\/feacenter.pl\/wp-content\/uploads\/2022\/12\/logo-feacenter-header-600x233.png\" class=\"attachment-medium size-medium wp-image-1523\" alt=\"\" srcset=\"https:\/\/feacenter.pl\/wp-content\/uploads\/2022\/12\/logo-feacenter-header-600x233.png 600w, https:\/\/feacenter.pl\/wp-content\/uploads\/2022\/12\/logo-feacenter-header-1200x467.png 1200w, https:\/\/feacenter.pl\/wp-content\/uploads\/2022\/12\/logo-feacenter-header-768x299.png 768w, https:\/\/feacenter.pl\/wp-content\/uploads\/2022\/12\/logo-feacenter-header-1536x598.png 1536w, https:\/\/feacenter.pl\/wp-content\/uploads\/2022\/12\/logo-feacenter-header-18x7.png 18w, https:\/\/feacenter.pl\/wp-content\/uploads\/2022\/12\/logo-feacenter-header.png 2048w\" sizes=\"(max-width: 600px) 100vw, 600px\" \/>\t\t\t\t\t\t\t\t\t\t\t\t\t\t\t<\/div>\n\t\t\t\t<\/div>\n\t\t\t\t\t<\/div>\n\t\t<\/div>\n\t\t\t\t\t<\/div>\n\t\t<\/section>\n\t\t\t\t<div class=\"elementor-element elementor-element-d44001b elementor-widget elementor-widget-spacer\" data-id=\"d44001b\" data-element_type=\"widget\" data-e-type=\"widget\" data-widget_type=\"spacer.default\">\n\t\t\t\t<div class=\"elementor-widget-container\">\n\t\t\t\t\t\t\t<div class=\"elementor-spacer\">\n\t\t\t<div class=\"elementor-spacer-inner\"><\/div>\n\t\t<\/div>\n\t\t\t\t\t\t<\/div>\n\t\t\t\t<\/div>\n\t\t\t\t<div class=\"elementor-element elementor-element-70ec56f elementor-widget elementor-widget-heading\" data-id=\"70ec56f\" data-element_type=\"widget\" data-e-type=\"widget\" data-widget_type=\"heading.default\">\n\t\t\t\t<div class=\"elementor-widget-container\">\n\t\t\t\t\t<h1 class=\"elementor-heading-title elementor-size-xl\">About us<\/h1>\t\t\t\t<\/div>\n\t\t\t\t<\/div>\n\t\t\t\t<div class=\"elementor-element elementor-element-2db5ea7 elementor-widget-divider--view-line elementor-widget elementor-widget-divider\" data-id=\"2db5ea7\" data-element_type=\"widget\" data-e-type=\"widget\" data-widget_type=\"divider.default\">\n\t\t\t\t<div class=\"elementor-widget-container\">\n\t\t\t\t\t\t\t<div class=\"elementor-divider\">\n\t\t\t<span class=\"elementor-divider-separator\">\n\t\t\t\t\t\t<\/span>\n\t\t<\/div>\n\t\t\t\t\t\t<\/div>\n\t\t\t\t<\/div>\n\t\t\t\t<section class=\"elementor-section elementor-inner-section elementor-element elementor-element-081caa1 elementor-section-boxed elementor-section-height-default elementor-section-height-default\" data-id=\"081caa1\" data-element_type=\"section\" data-e-type=\"section\">\n\t\t\t\t\t\t<div class=\"elementor-container elementor-column-gap-default\">\n\t\t\t\t\t<div class=\"elementor-column elementor-col-100 elementor-inner-column elementor-element elementor-element-521ebeb\" data-id=\"521ebeb\" data-element_type=\"column\" data-e-type=\"column\">\n\t\t\t<div class=\"elementor-widget-wrap elementor-element-populated\">\n\t\t\t\t\t\t<div class=\"elementor-element elementor-element-c70514f elementor-widget elementor-widget-text-editor\" data-id=\"c70514f\" data-element_type=\"widget\" data-e-type=\"widget\" data-widget_type=\"text-editor.default\">\n\t\t\t\t<div class=\"elementor-widget-container\">\n\t\t\t\t\t\t\t\t\t<p>We specialize in carrying out FEM strength calculations for the industry and in engineering consulting.<br \/>We analyze the impact of static, dynamic and thermal loads on the behavior of the tested structure.<br \/>We perform static, dynamic, thermal and modal analyses, as well as estimate the fatigue life of the tested components.<br \/>We also carry out multibody analyzes (analysis of kinematics and dynamics of machines and multibody mechanisms).<\/p>\t\t\t\t\t\t\t\t<\/div>\n\t\t\t\t<\/div>\n\t\t\t\t\t<\/div>\n\t\t<\/div>\n\t\t\t\t\t<\/div>\n\t\t<\/section>\n\t\t\t\t<section class=\"elementor-section elementor-inner-section elementor-element elementor-element-85924ac elementor-section-boxed elementor-section-height-default elementor-section-height-default\" data-id=\"85924ac\" data-element_type=\"section\" data-e-type=\"section\">\n\t\t\t\t\t\t<div class=\"elementor-container elementor-column-gap-default\">\n\t\t\t\t\t<div class=\"elementor-column elementor-col-50 elementor-inner-column elementor-element elementor-element-dbea464\" data-id=\"dbea464\" data-element_type=\"column\" data-e-type=\"column\">\n\t\t\t<div class=\"elementor-widget-wrap elementor-element-populated\">\n\t\t\t\t\t\t<div class=\"elementor-element elementor-element-4653ebe elementor-widget elementor-widget-heading\" data-id=\"4653ebe\" data-element_type=\"widget\" data-e-type=\"widget\" data-widget_type=\"heading.default\">\n\t\t\t\t<div class=\"elementor-widget-container\">\n\t\t\t\t\t<h3 class=\"elementor-heading-title elementor-size-default\">Founder<\/h3>\t\t\t\t<\/div>\n\t\t\t\t<\/div>\n\t\t\t\t<div class=\"elementor-element elementor-element-56a08c0 elementor-widget elementor-widget-heading\" data-id=\"56a08c0\" data-element_type=\"widget\" data-e-type=\"widget\" data-widget_type=\"heading.default\">\n\t\t\t\t<div class=\"elementor-widget-container\">\n\t\t\t\t\t<h2 class=\"elementor-heading-title elementor-size-default\">MSc. Marcin Bielicki&nbsp;<\/h2>\t\t\t\t<\/div>\n\t\t\t\t<\/div>\n\t\t\t\t<div class=\"elementor-element elementor-element-0d463fd elementor-widget elementor-widget-text-editor\" data-id=\"0d463fd\" data-element_type=\"widget\" data-e-type=\"widget\" data-widget_type=\"text-editor.default\">\n\t\t\t\t<div class=\"elementor-widget-container\">\n\t\t\t\t\t\t\t\t\tA graduate of the Military University of Technology in Warsaw - specialization in Computer Technology in Mechanical Engineering.\n<br>\n<br>\nHe received a distinction for his master's thesis with the dean's award and a scholarship from the rector of the Military University of Technology for the best students, as well as a scholarship for scientific achievements. At the same time, he worked professionally in a research project in the field of biomedical engineering.\n<br>\n<br>\nHe has several years of professional experience in performing commercial FEM strength calculations, which he gained in international companies.\n<br>\n<br>\nHe worked, among others in projects from the engineering industry (lifts, overhead cranes), gardening (pergolas), construction (plate girders), automotive (automotive industry), agricultural (agricultural machinery) and medical (temporomandibular joint filling modelling).\t\t\t\t\t\t\t\t<\/div>\n\t\t\t\t<\/div>\n\t\t\t\t\t<\/div>\n\t\t<\/div>\n\t\t\t\t<div class=\"elementor-column elementor-col-50 elementor-inner-column elementor-element elementor-element-ee260c2\" data-id=\"ee260c2\" data-element_type=\"column\" data-e-type=\"column\">\n\t\t\t<div class=\"elementor-widget-wrap elementor-element-populated\">\n\t\t\t\t\t\t<div class=\"elementor-element elementor-element-a337d33 elementor-widget__width-initial elementor-widget-mobile__width-inherit elementor-widget elementor-widget-image\" data-id=\"a337d33\" data-element_type=\"widget\" data-e-type=\"widget\" data-widget_type=\"image.default\">\n\t\t\t\t<div class=\"elementor-widget-container\">\n\t\t\t\t\t\t\t\t\t\t\t\t\t\t\t<img decoding=\"async\" width=\"901\" height=\"1200\" src=\"https:\/\/feacenter.pl\/wp-content\/uploads\/2022\/12\/MarcinBielicki-901x1200.png\" class=\"attachment-large size-large wp-image-1521\" alt=\"\" srcset=\"https:\/\/feacenter.pl\/wp-content\/uploads\/2022\/12\/MarcinBielicki-901x1200.png 901w, https:\/\/feacenter.pl\/wp-content\/uploads\/2022\/12\/MarcinBielicki-451x600.png 451w, https:\/\/feacenter.pl\/wp-content\/uploads\/2022\/12\/MarcinBielicki-768x1022.png 768w, https:\/\/feacenter.pl\/wp-content\/uploads\/2022\/12\/MarcinBielicki-1154x1536.png 1154w, https:\/\/feacenter.pl\/wp-content\/uploads\/2022\/12\/MarcinBielicki-1538x2048.png 1538w, https:\/\/feacenter.pl\/wp-content\/uploads\/2022\/12\/MarcinBielicki-9x12.png 9w, https:\/\/feacenter.pl\/wp-content\/uploads\/2022\/12\/MarcinBielicki.png 1920w\" sizes=\"(max-width: 901px) 100vw, 901px\" \/>\t\t\t\t\t\t\t\t\t\t\t\t\t\t\t<\/div>\n\t\t\t\t<\/div>\n\t\t\t\t\t<\/div>\n\t\t<\/div>\n\t\t\t\t\t<\/div>\n\t\t<\/section>\n\t\t\t\t<div class=\"elementor-element elementor-element-ae8e4b5 elementor-widget elementor-widget-spacer\" data-id=\"ae8e4b5\" data-element_type=\"widget\" data-e-type=\"widget\" data-widget_type=\"spacer.default\">\n\t\t\t\t<div class=\"elementor-widget-container\">\n\t\t\t\t\t\t\t<div class=\"elementor-spacer\">\n\t\t\t<div class=\"elementor-spacer-inner\"><\/div>\n\t\t<\/div>\n\t\t\t\t\t\t<\/div>\n\t\t\t\t<\/div>\n\t\t\t\t<section class=\"elementor-section elementor-inner-section elementor-element elementor-element-806cdb2 elementor-section-boxed elementor-section-height-default elementor-section-height-default\" data-id=\"806cdb2\" data-element_type=\"section\" data-e-type=\"section\" data-settings=\"{&quot;background_background&quot;:&quot;gradient&quot;}\">\n\t\t\t\t\t\t<div class=\"elementor-container elementor-column-gap-default\">\n\t\t\t\t\t<div class=\"elementor-column elementor-col-100 elementor-inner-column elementor-element elementor-element-46c866e\" data-id=\"46c866e\" data-element_type=\"column\" data-e-type=\"column\">\n\t\t\t<div class=\"elementor-widget-wrap elementor-element-populated\">\n\t\t\t\t\t\t<div class=\"elementor-element elementor-element-347c476 elementor-widget elementor-widget-heading\" data-id=\"347c476\" data-element_type=\"widget\" data-e-type=\"widget\" data-widget_type=\"heading.default\">\n\t\t\t\t<div class=\"elementor-widget-container\">\n\t\t\t\t\t<h3 class=\"elementor-heading-title elementor-size-default\">Why is it worth taking advantage of our offer?<\/h3>\t\t\t\t<\/div>\n\t\t\t\t<\/div>\n\t\t\t\t<div class=\"elementor-element elementor-element-7d7e97b elementor-widget elementor-widget-text-editor\" data-id=\"7d7e97b\" data-element_type=\"widget\" data-e-type=\"widget\" data-widget_type=\"text-editor.default\">\n\t\t\t\t<div class=\"elementor-widget-container\">\n\t\t\t\t\t\t\t\t\tFEM strength calculations already at the design stage indicate how the tested component behaves.\nThanks to them, we are able to quickly modify the geometry, perform calculations again, and only when the results are satisfactory can an experimental test be carried out.\nReducing the number of experimental tests performed (in order to obtain certificates or approvals) results in financial savings.\t\t\t\t\t\t\t\t<\/div>\n\t\t\t\t<\/div>\n\t\t\t\t\t<\/div>\n\t\t<\/div>\n\t\t\t\t\t<\/div>\n\t\t<\/section>\n\t\t\t\t\t<\/div>\n\t\t<\/div>\n\t\t\t\t\t<\/div>\n\t\t<\/section>\n\t\t\t\t<\/div>","protected":false},"excerpt":{"rendered":"<p>O nas Specjalizujemy si\u0119 w przeprowadzaniu oblicze\u0144 wytrzyma\u0142o\u015bciowych MES dla przemys\u0142u oraz w\u00a0doradztwie in\u017cynieryjnym.Analizujemy wp\u0142yw obci\u0105\u017ce\u0144 statycznych, dynamicznych, a tak\u017ce termicznych na\u00a0zachowanie badanej konstrukcji.Wykonujemy analizy statyczne, dynamiczne, termiczne, modalne, jak r\u00f3wnie\u017c szacujemy trwa\u0142o\u015b\u0107 zm\u0119czeniow\u0105 badanych komponent\u00f3w.Przeprowadzamy r\u00f3wnie\u017c analizy multibody (analiza kinematyki i dynamiki maszyn oraz mechanizm\u00f3w wielocz\u0142onowych). Za\u0142o\u017cyciel mgr in\u017c. Marcin Bielicki&nbsp; Absolwent Wojskowej Akademii [&hellip;]<\/p>\n","protected":false},"author":2,"featured_media":0,"parent":0,"menu_order":0,"comment_status":"closed","ping_status":"closed","template":"","meta":{"ocean_post_layout":"","ocean_both_sidebars_style":"","ocean_both_sidebars_content_width":0,"ocean_both_sidebars_sidebars_width":0,"ocean_sidebar":"0","ocean_second_sidebar":"0","ocean_disable_margins":"enable","ocean_add_body_class":"","ocean_shortcode_before_top_bar":"","ocean_shortcode_after_top_bar":"","ocean_shortcode_before_header":"","ocean_shortcode_after_header":"","ocean_has_shortcode":"","ocean_shortcode_after_title":"","ocean_shortcode_before_footer_widgets":"","ocean_shortcode_after_footer_widgets":"","ocean_shortcode_before_footer_bottom":"","ocean_shortcode_after_footer_bottom":"","ocean_display_top_bar":"default","ocean_display_header":"default","ocean_header_style":"","ocean_center_header_left_menu":"0","ocean_custom_header_template":"0","ocean_custom_logo":70,"ocean_custom_retina_logo":0,"ocean_custom_logo_max_width":0,"ocean_custom_logo_tablet_max_width":0,"ocean_custom_logo_mobile_max_width":0,"ocean_custom_logo_max_height":0,"ocean_custom_logo_tablet_max_height":0,"ocean_custom_logo_mobile_max_height":0,"ocean_header_custom_menu":"0","ocean_menu_typo_font_family":"0","ocean_menu_typo_font_subset":"","ocean_menu_typo_font_size":0,"ocean_menu_typo_font_size_tablet":0,"ocean_menu_typo_font_size_mobile":0,"ocean_menu_typo_font_size_unit":"px","ocean_menu_typo_font_weight":"","ocean_menu_typo_font_weight_tablet":"","ocean_menu_typo_font_weight_mobile":"","ocean_menu_typo_transform":"","ocean_menu_typo_transform_tablet":"","ocean_menu_typo_transform_mobile":"","ocean_menu_typo_line_height":0,"ocean_menu_typo_line_height_tablet":0,"ocean_menu_typo_line_height_mobile":0,"ocean_menu_typo_line_height_unit":"","ocean_menu_typo_spacing":0,"ocean_menu_typo_spacing_tablet":0,"ocean_menu_typo_spacing_mobile":0,"ocean_menu_typo_spacing_unit":"","ocean_menu_link_color":"","ocean_menu_link_color_hover":"","ocean_menu_link_color_active":"","ocean_menu_link_background":"","ocean_menu_link_hover_background":"","ocean_menu_link_active_background":"","ocean_menu_social_links_bg":"","ocean_menu_social_hover_links_bg":"","ocean_menu_social_links_color":"","ocean_menu_social_hover_links_color":"","ocean_disable_title":"default","ocean_disable_heading":"default","ocean_post_title":"","ocean_post_subheading":"","ocean_post_title_style":"","ocean_post_title_background_color":"","ocean_post_title_background":0,"ocean_post_title_bg_image_position":"","ocean_post_title_bg_image_attachment":"","ocean_post_title_bg_image_repeat":"","ocean_post_title_bg_image_size":"","ocean_post_title_height":0,"ocean_post_title_bg_overlay":0.5,"ocean_post_title_bg_overlay_color":"","ocean_disable_breadcrumbs":"default","ocean_breadcrumbs_color":"","ocean_breadcrumbs_separator_color":"","ocean_breadcrumbs_links_color":"","ocean_breadcrumbs_links_hover_color":"","ocean_display_footer_widgets":"default","ocean_display_footer_bottom":"default","ocean_custom_footer_template":"0","footnotes":""},"class_list":["post-67","page","type-page","status-publish","hentry","entry"],"_links":{"self":[{"href":"https:\/\/feacenter.pl\/en\/wp-json\/wp\/v2\/pages\/67","targetHints":{"allow":["GET"]}}],"collection":[{"href":"https:\/\/feacenter.pl\/en\/wp-json\/wp\/v2\/pages"}],"about":[{"href":"https:\/\/feacenter.pl\/en\/wp-json\/wp\/v2\/types\/page"}],"author":[{"embeddable":true,"href":"https:\/\/feacenter.pl\/en\/wp-json\/wp\/v2\/users\/2"}],"replies":[{"embeddable":true,"href":"https:\/\/feacenter.pl\/en\/wp-json\/wp\/v2\/comments?post=67"}],"version-history":[{"count":762,"href":"https:\/\/feacenter.pl\/en\/wp-json\/wp\/v2\/pages\/67\/revisions"}],"predecessor-version":[{"id":1789,"href":"https:\/\/feacenter.pl\/en\/wp-json\/wp\/v2\/pages\/67\/revisions\/1789"}],"wp:attachment":[{"href":"https:\/\/feacenter.pl\/en\/wp-json\/wp\/v2\/media?parent=67"}],"curies":[{"name":"wp","href":"https:\/\/api.w.org\/{rel}","templated":true}]}}